{"id":4017,"date":"2026-04-08T10:42:35","date_gmt":"2026-04-08T10:42:35","guid":{"rendered":"https:\/\/vakantie-villa-knysna.nl\/suedafrika-entdecken\/"},"modified":"2026-04-14T08:15:47","modified_gmt":"2026-04-14T08:15:47","slug":"suedafrika-entdecken","status":"publish","type":"page","link":"https:\/\/vakantie-villa-knysna.nl\/de\/suedafrika-entdecken\/","title":{"rendered":"S\u00fcdafrika entdecken"},"content":{"rendered":"\t\t<div data-elementor-type=\"wp-page\" data-elementor-id=\"4017\" class=\"elementor elementor-4017 elementor-3727\" data-elementor-post-type=\"page\">\n\t\t\t\t<div class=\"elementor-element elementor-element-8796c29 e-flex e-con-boxed e-con e-parent\" data-id=\"8796c29\" data-element_type=\"container\" data-e-type=\"container\">\n\t\t\t\t\t<div class=\"e-con-inner\">\n\t\t\t\t<div class=\"elementor-element elementor-element-33a28a2 elementor-widget elementor-widget-text-editor\" data-id=\"33a28a2\" data-element_type=\"widget\" data-e-type=\"widget\" data-widget_type=\"text-editor.default\">\n\t\t\t\t<div class=\"elementor-widget-container\">\n\t\t\t\t\t\t\t\t\t<div data-renderer=\"lm\"><p class=\"my-2 [&amp;+p]:mt-4 [&amp;_strong:has(+br)]:inline-block [&amp;_strong:has(+br)]:pb-2\">Das Sch\u00f6ne am Urlaub ist, dass man die Zeit hat, neue Dinge zu entdecken. In den letzten Jahren haben wir rund um Knysna und weiter in S\u00fcdafrika viele Orte und Aktivit\u00e4ten kennengelernt, die unsere Reisen besonders gemacht haben. <\/p><p class=\"my-2 [&amp;+p]:mt-4 [&amp;_strong:has(+br)]:inline-block [&amp;_strong:has(+br)]:pb-2\">Auf dieser Seite teilen wir eine Auswahl dieser Favoriten: Wanderungen durch den einheimischen Wald, Aussichtspunkte entlang der K\u00fcste, nette Mittagsadressen und Tagesausfl\u00fcge etwas weiter weg. Es ist kein vollst\u00e4ndiger Reisef\u00fchrer, sondern eine pers\u00f6nliche Sammlung von Erlebnissen, die uns in Erinnerung geblieben sind und die es unserer Meinung nach wert sind, selbst erlebt zu werden. <\/p><p class=\"my-2 [&amp;+p]:mt-4 [&amp;_strong:has(+br)]:inline-block [&amp;_strong:has(+br)]:pb-2\">Sieh diese \u00dcbersicht vor allem als Inspirationsquelle. Lass dich \u00fcberraschen, w\u00e4hle aus, was zu dir passt, und nutze unsere Tipps als Ausgangspunkt f\u00fcr deine eigenen Entdeckungen. Rund um Knysna \u2013 und im Rest von S\u00fcdafrika \u2013 warten noch so viele andere sch\u00f6ne Orte darauf, entdeckt zu werden.  <\/p><\/div>\t\t\t\t\t\t\t\t<\/div>\n\t\t\t\t<\/div>\n\t\t\t\t\t<\/div>\n\t\t\t\t<\/div>\n\t\t<div class=\"elementor-element elementor-element-509f4a4 e-flex e-con-boxed e-con e-parent\" data-id=\"509f4a4\" data-element_type=\"container\" data-e-type=\"container\">\n\t\t\t\t\t<div class=\"e-con-inner\">\n\t\t\t\t<div class=\"elementor-element elementor-element-4eb1156 elementor-widget elementor-widget-spacer\" data-id=\"4eb1156\" data-element_type=\"widget\" data-e-type=\"widget\" data-widget_type=\"spacer.default\">\n\t\t\t\t<div class=\"elementor-widget-container\">\n\t\t\t\t\t\t\t<div class=\"elementor-spacer\">\n\t\t\t<div class=\"elementor-spacer-inner\"><\/div>\n\t\t<\/div>\n\t\t\t\t\t\t<\/div>\n\t\t\t\t<\/div>\n\t\t\t\t\t<\/div>\n\t\t\t\t<\/div>\n\t\t<div class=\"elementor-element elementor-element-6033dca e-flex e-con-boxed e-con e-parent\" data-id=\"6033dca\" data-element_type=\"container\" data-e-type=\"container\" id=\"natuur\">\n\t\t\t\t\t<div class=\"e-con-inner\">\n\t\t<div class=\"elementor-element elementor-element-b22d271 e-con-full e-flex e-con e-child\" data-id=\"b22d271\" data-element_type=\"container\" data-e-type=\"container\">\n\t\t\t\t<div class=\"elementor-element elementor-element-753f7c0 elementor-widget elementor-widget-image\" data-id=\"753f7c0\" data-element_type=\"widget\" data-e-type=\"widget\" data-widget_type=\"image.default\">\n\t\t\t\t<div class=\"elementor-widget-container\">\n\t\t\t\t\t\t\t\t\t\t\t\t\t\t\t<img fetchpriority=\"high\" decoding=\"async\" width=\"768\" height=\"768\" src=\"https:\/\/vakantie-villa-knysna.nl\/wp-content\/uploads\/2026\/04\/Creek-768x768.jpg\" class=\"attachment-medium_large size-medium_large wp-image-3894\" alt=\"\" srcset=\"https:\/\/vakantie-villa-knysna.nl\/wp-content\/uploads\/2026\/04\/Creek-768x768.jpg 768w, https:\/\/vakantie-villa-knysna.nl\/wp-content\/uploads\/2026\/04\/Creek-300x300.jpg 300w, https:\/\/vakantie-villa-knysna.nl\/wp-content\/uploads\/2026\/04\/Creek-1024x1024.jpg 1024w, https:\/\/vakantie-villa-knysna.nl\/wp-content\/uploads\/2026\/04\/Creek-150x150.jpg 150w\" sizes=\"(max-width: 768px) 100vw, 768px\" \/>\t\t\t\t\t\t\t\t\t\t\t\t\t\t\t<\/div>\n\t\t\t\t<\/div>\n\t\t\t\t<\/div>\n\t\t<div class=\"elementor-element elementor-element-2f8e784 e-con-full e-flex e-con e-child\" data-id=\"2f8e784\" data-element_type=\"container\" data-e-type=\"container\">\n\t\t\t\t<div class=\"elementor-element elementor-element-8808058 elementor-widget elementor-widget-heading\" data-id=\"8808058\" data-element_type=\"widget\" data-e-type=\"widget\" data-widget_type=\"heading.default\">\n\t\t\t\t<div class=\"elementor-widget-container\">\n\t\t\t\t\t<h2 class=\"elementor-heading-title elementor-size-default\">Natur<\/h2>\t\t\t\t<\/div>\n\t\t\t\t<\/div>\n\t\t\t\t<div class=\"elementor-element elementor-element-b96fbb2 elementor-widget elementor-widget-text-editor\" data-id=\"b96fbb2\" data-element_type=\"widget\" data-e-type=\"widget\" data-widget_type=\"text-editor.default\">\n\t\t\t\t<div class=\"elementor-widget-container\">\n\t\t\t\t\t\t\t\t\t<div data-renderer=\"lm\"><div data-renderer=\"lm\"><p class=\"my-2 [&amp;+p]:mt-4 [&amp;_strong:has(+br)]:inline-block [&amp;_strong:has(+br)]:pb-2\">Knysna liegt inmitten eines sehr abwechslungsreichen St\u00fccks Natur: zwischen dem Indischen Ozean, der Lagune und dem alten, einheimischen Knysna Forest. Entlang der <strong>Knysna Lagoon<\/strong> kannst du segeln, Kajak fahren oder eine Bootstour machen und unterwegs V\u00f6gel, Delfine und manchmal sogar Robben beobachten. <\/p><p class=\"my-2 [&amp;+p]:mt-4 [&amp;_strong:has(+br)]:inline-block [&amp;_strong:has(+br)]:pb-2\">Im Knysna Forest wanderst und radelst du unter jahrhundertealten Yellowwood-B\u00e4umen, vorbei an B\u00e4chen und Wasserf\u00e4llen, mit der Chance, Buschb\u00f6cke, Affen und viele verschiedene Vogelarten zu sehen. Bekannte Orte wie <strong>Jubilee Creek, Drupkelders<\/strong> und der <strong>Garden of Eden<\/strong> liegen alle nur eine kurze Autofahrt entfernt und f\u00fchlen sich an wie ein gr\u00fcner M\u00e4rchenwald. <\/p><p class=\"my-2 [&amp;+p]:mt-4 [&amp;_strong:has(+br)]:inline-block [&amp;_strong:has(+br)]:pb-2\">An der K\u00fcste findest du breite Str\u00e4nde wie <strong>Buffalo Bay<\/strong> und <strong>Brenton-on-Sea<\/strong>, wo du schwimmen, surfen oder lange Strandspazierg\u00e4nge mit Blick auf den teils rauen Ozean machen kannst. Etwas weiter entfernt, bei Plettenberg Bay, liegt das <strong>Robberg Nature Reserve<\/strong>: eine schmale Landzunge mit spektakul\u00e4ren Felsen, Fynbos, Seev\u00f6geln und einer gro\u00dfen Robbenkolonie, wo du auf sch\u00f6nen Wanderwegen \u00fcber den Ozean blickst. <\/p><\/div><\/div>\t\t\t\t\t\t\t\t<\/div>\n\t\t\t\t<\/div>\n\t\t\t\t<\/div>\n\t\t\t\t\t<\/div>\n\t\t\t\t<\/div>\n\t\t<div class=\"elementor-element elementor-element-8dca8d2 e-flex e-con-boxed e-con e-parent\" data-id=\"8dca8d2\" data-element_type=\"container\" data-e-type=\"container\">\n\t\t\t\t\t<div class=\"e-con-inner\">\n\t\t\t\t<div class=\"elementor-element elementor-element-d0634d5 elementor-widget elementor-widget-spacer\" data-id=\"d0634d5\" data-element_type=\"widget\" data-e-type=\"widget\" data-widget_type=\"spacer.default\">\n\t\t\t\t<div class=\"elementor-widget-container\">\n\t\t\t\t\t\t\t<div class=\"elementor-spacer\">\n\t\t\t<div class=\"elementor-spacer-inner\"><\/div>\n\t\t<\/div>\n\t\t\t\t\t\t<\/div>\n\t\t\t\t<\/div>\n\t\t\t\t\t<\/div>\n\t\t\t\t<\/div>\n\t\t<div class=\"elementor-element elementor-element-9d9d6e7 e-flex e-con-boxed e-con e-parent\" data-id=\"9d9d6e7\" data-element_type=\"container\" data-e-type=\"container\" id=\"dieren\">\n\t\t\t\t\t<div class=\"e-con-inner\">\n\t\t<div class=\"elementor-element elementor-element-45f1db0 e-con-full e-flex e-con e-child\" data-id=\"45f1db0\" data-element_type=\"container\" data-e-type=\"container\">\n\t\t\t\t<div class=\"elementor-element elementor-element-e88d1d3 elementor-widget elementor-widget-heading\" data-id=\"e88d1d3\" data-element_type=\"widget\" data-e-type=\"widget\" data-widget_type=\"heading.default\">\n\t\t\t\t<div class=\"elementor-widget-container\">\n\t\t\t\t\t<h2 class=\"elementor-heading-title elementor-size-default\">Tiere<\/h2>\t\t\t\t<\/div>\n\t\t\t\t<\/div>\n\t\t\t\t<div class=\"elementor-element elementor-element-a492ae6 elementor-widget elementor-widget-text-editor\" data-id=\"a492ae6\" data-element_type=\"widget\" data-e-type=\"widget\" data-widget_type=\"text-editor.default\">\n\t\t\t\t<div class=\"elementor-widget-container\">\n\t\t\t\t\t\t\t\t\t<div data-renderer=\"lm\"><p class=\"my-2 [&amp;+p]:mt-4 [&amp;_strong:has(+br)]:inline-block [&amp;_strong:has(+br)]:pb-2\">Rund um Knysna und entlang der Garden Route sind Elefanten nie weit weg. In den gr\u00fcnen H\u00fcgeln zwischen Knysna und Plettenberg Bay lebt noch eine kleine, scheue Population einheimischer Waldelefanten: Man sieht sie selten, aber ihre Anwesenheit macht die Umgebung besonders reizvoll. In verschiedenen nahegelegenen Reservaten und Parks kannst du diese (und andere) beeindruckenden Tiere beobachten.  <\/p><p class=\"my-2 [&amp;+p]:mt-4 [&amp;_strong:has(+br)]:inline-block [&amp;_strong:has(+br)]:pb-2\">Etwa eine Dreiviertelstunde Fahrt von Knysna entfernt liegt bei Plettenberg Bay das <strong>Elephant Sanctuary<\/strong>, wo du bei einem gef\u00fchrten Besuch mehr \u00fcber Pflege und Schutz erf\u00e4hrst und Elefanten aus n\u00e4chster N\u00e4he erleben kannst. Diese Elefanten werden hier vor\u00fcbergehend aufgenommen, um sp\u00e4ter wieder umgesiedelt zu werden.  <br><br><strong>Bottlierskop Private Game Reserve<\/strong> bei George ist einen Besuch mehr als wert, um die Big 5 zu entdecken. W\u00e4hrend gef\u00fchrter Game Drives kannst du die Tiere in einer wundersch\u00f6nen H\u00fcgellandschaft aus der N\u00e4he sehen. Die Ranger erz\u00e4hlen unterwegs viel \u00fcber Verhalten, Lebensraum und Schutz dieser Tiere, wodurch es sich wie ein kompaktes Safari-Erlebnis anf\u00fchlt.   <\/p><p class=\"my-2 [&amp;+p]:mt-4 [&amp;_strong:has(+br)]:inline-block [&amp;_strong:has(+br)]:pb-2\">Der <strong>Addo Elephant National Park<\/strong>, etwa drei Autostunden von Knysna entfernt, ist einer der besten Orte in S\u00fcdafrika, um gro\u00dfe Elefantenherden in v\u00f6lliger Freiheit zu sehen. Hier leben hunderte Elefanten zusammen mit unter anderem B\u00fcffeln und Antilopen, und du f\u00e4hrst mit dem eigenen Auto an Wasserl\u00f6chern und offenen Ebenen vorbei, wo oft ganze Familien gleichzeitig zu sehen sind. <\/p><\/div>\t\t\t\t\t\t\t\t<\/div>\n\t\t\t\t<\/div>\n\t\t\t\t<\/div>\n\t\t<div class=\"elementor-element elementor-element-85f8a93 e-con-full e-flex e-con e-child\" data-id=\"85f8a93\" data-element_type=\"container\" data-e-type=\"container\">\n\t\t\t\t<div class=\"elementor-element elementor-element-c18710b elementor-widget elementor-widget-image\" data-id=\"c18710b\" data-element_type=\"widget\" data-e-type=\"widget\" data-widget_type=\"image.default\">\n\t\t\t\t<div class=\"elementor-widget-container\">\n\t\t\t\t\t\t\t\t\t\t\t\t\t\t\t<img decoding=\"async\" width=\"768\" height=\"768\" src=\"https:\/\/vakantie-villa-knysna.nl\/wp-content\/uploads\/2026\/04\/Olifanten-768x768.jpeg\" class=\"attachment-medium_large size-medium_large wp-image-3873\" alt=\"\" srcset=\"https:\/\/vakantie-villa-knysna.nl\/wp-content\/uploads\/2026\/04\/Olifanten-768x768.jpeg 768w, https:\/\/vakantie-villa-knysna.nl\/wp-content\/uploads\/2026\/04\/Olifanten-300x300.jpeg 300w, https:\/\/vakantie-villa-knysna.nl\/wp-content\/uploads\/2026\/04\/Olifanten-150x150.jpeg 150w\" sizes=\"(max-width: 768px) 100vw, 768px\" \/>\t\t\t\t\t\t\t\t\t\t\t\t\t\t\t<\/div>\n\t\t\t\t<\/div>\n\t\t\t\t<\/div>\n\t\t\t\t\t<\/div>\n\t\t\t\t<\/div>\n\t\t<div class=\"elementor-element elementor-element-47be115 e-flex e-con-boxed e-con e-parent\" data-id=\"47be115\" data-element_type=\"container\" data-e-type=\"container\">\n\t\t\t\t\t<div class=\"e-con-inner\">\n\t\t\t\t<div class=\"elementor-element elementor-element-cba6a28 elementor-widget elementor-widget-spacer\" data-id=\"cba6a28\" data-element_type=\"widget\" data-e-type=\"widget\" data-widget_type=\"spacer.default\">\n\t\t\t\t<div class=\"elementor-widget-container\">\n\t\t\t\t\t\t\t<div class=\"elementor-spacer\">\n\t\t\t<div class=\"elementor-spacer-inner\"><\/div>\n\t\t<\/div>\n\t\t\t\t\t\t<\/div>\n\t\t\t\t<\/div>\n\t\t\t\t\t<\/div>\n\t\t\t\t<\/div>\n\t\t<div class=\"elementor-element elementor-element-f651267 e-flex e-con-boxed e-con e-parent\" data-id=\"f651267\" data-element_type=\"container\" data-e-type=\"container\" id=\"eten\">\n\t\t\t\t\t<div class=\"e-con-inner\">\n\t\t<div class=\"elementor-element elementor-element-d06ee0c e-con-full e-flex e-con e-child\" data-id=\"d06ee0c\" data-element_type=\"container\" data-e-type=\"container\">\n\t\t\t\t<div class=\"elementor-element elementor-element-bbe42e4 elementor-widget elementor-widget-image\" data-id=\"bbe42e4\" data-element_type=\"widget\" data-e-type=\"widget\" data-widget_type=\"image.default\">\n\t\t\t\t<div class=\"elementor-widget-container\">\n\t\t\t\t\t\t\t\t\t\t\t\t\t\t\t<img decoding=\"async\" width=\"768\" height=\"768\" src=\"https:\/\/vakantie-villa-knysna.nl\/wp-content\/uploads\/2026\/04\/Paula-Coen-website-768x768.jpg\" class=\"attachment-medium_large size-medium_large wp-image-3735\" alt=\"\" srcset=\"https:\/\/vakantie-villa-knysna.nl\/wp-content\/uploads\/2026\/04\/Paula-Coen-website-768x768.jpg 768w, https:\/\/vakantie-villa-knysna.nl\/wp-content\/uploads\/2026\/04\/Paula-Coen-website-300x300.jpg 300w, https:\/\/vakantie-villa-knysna.nl\/wp-content\/uploads\/2026\/04\/Paula-Coen-website-150x150.jpg 150w\" sizes=\"(max-width: 768px) 100vw, 768px\" \/>\t\t\t\t\t\t\t\t\t\t\t\t\t\t\t<\/div>\n\t\t\t\t<\/div>\n\t\t\t\t<\/div>\n\t\t<div class=\"elementor-element elementor-element-eb6e140 e-con-full e-flex e-con e-child\" data-id=\"eb6e140\" data-element_type=\"container\" data-e-type=\"container\">\n\t\t\t\t<div class=\"elementor-element elementor-element-b3e2eb2 elementor-widget elementor-widget-heading\" data-id=\"b3e2eb2\" data-element_type=\"widget\" data-e-type=\"widget\" data-widget_type=\"heading.default\">\n\t\t\t\t<div class=\"elementor-widget-container\">\n\t\t\t\t\t<h2 class=\"elementor-heading-title elementor-size-default\">Essen &amp; Trinken<\/h2>\t\t\t\t<\/div>\n\t\t\t\t<\/div>\n\t\t\t\t<div class=\"elementor-element elementor-element-ee624ad elementor-widget elementor-widget-text-editor\" data-id=\"ee624ad\" data-element_type=\"widget\" data-e-type=\"widget\" data-widget_type=\"text-editor.default\">\n\t\t\t\t<div class=\"elementor-widget-container\">\n\t\t\t\t\t\t\t\t\t<div data-renderer=\"lm\"><div data-renderer=\"lm\"><div data-renderer=\"lm\"><p class=\"my-2 [&amp;+p]:mt-4 [&amp;_strong:has(+br)]:inline-block [&amp;_strong:has(+br)]:pb-2\">In und um Knysna gibt es viele gem\u00fctliche Pl\u00e4tze, um f\u00fcr einen Kaffee, ein Mittagessen oder ein Glas Wein einzukehren. Von Leisure Isle aus sind unsere Favoriten alle in greifbarer N\u00e4he \u2013 und eine zus\u00e4tzliche Perle liegt etwas weiter in den Bergen. <\/p><p class=\"my-2 [&amp;+p]:mt-4 [&amp;_strong:has(+br)]:inline-block [&amp;_strong:has(+br)]:pb-2\">Am Rande der Lagune ist das <strong>East Head Caf\u00e9<\/strong> eine unserer festen Adressen: Hier sitzt du fast mit den F\u00fc\u00dfen im Wasser, mit Blick auf die beeindruckenden Heads und die Boote, die in die Lagune ein- und ausfahren. F\u00fcr ein entspanntes Mittagessen mit Meerblick ist das <strong>Butterfly Blu<\/strong> sehr zu empfehlen; oben auf der Klippe genie\u00dft du das Rauschen der Wellen und die weite K\u00fcstenlinie. <\/p><p class=\"my-2 [&amp;+p]:mt-4 [&amp;_strong:has(+br)]:inline-block [&amp;_strong:has(+br)]:pb-2\">Ganz in der N\u00e4he, auf Leisure Isle selbst, trinken wir gerne Kaffee im <strong>Coffee Craft<\/strong>, einem kleinen, freundlichen Ort, an dem man nach einem morgendlichen Spaziergang entlang der Lagune einfach einkehren kann. Im Zentrum von Knysna sind <strong>Salt &amp; Petal<\/strong> und das <strong>Coffee Caf\u00e9<\/strong> sch\u00f6ne Stopps f\u00fcr guten Kaffee, etwas Leckeres dazu und ein wenig lokale Atmosph\u00e4re zwischen den Gesch\u00e4ften und dem Jachthafen. <\/p><p class=\"my-2 [&amp;+p]:mt-4 [&amp;_strong:has(+br)]:inline-block [&amp;_strong:has(+br)]:pb-2\">Etwa eine Stunde Fahrt von Knysna entfernt liegt <strong>Braemons<\/strong>, versteckt zwischen den Weinreben. Hier teilt man sich zur Mittagszeit verschiedene Gerichte an gro\u00dfen Tischen mit Blick \u00fcber die Weinberge. Es f\u00fchlt sich ein bisschen wie ein Picknick im Weinberg an, aber mit sch\u00f6nen Tellern, gutem Wein und viel Zeit zum Genie\u00dfen.  <\/p><\/div><\/div><\/div>\t\t\t\t\t\t\t\t<\/div>\n\t\t\t\t<\/div>\n\t\t\t\t<\/div>\n\t\t\t\t\t<\/div>\n\t\t\t\t<\/div>\n\t\t<div class=\"elementor-element elementor-element-95aff82 e-flex e-con-boxed e-con e-parent\" data-id=\"95aff82\" data-element_type=\"container\" data-e-type=\"container\">\n\t\t\t\t\t<div class=\"e-con-inner\">\n\t\t\t\t<div class=\"elementor-element elementor-element-5e929b7 elementor-widget elementor-widget-spacer\" data-id=\"5e929b7\" data-element_type=\"widget\" data-e-type=\"widget\" data-widget_type=\"spacer.default\">\n\t\t\t\t<div class=\"elementor-widget-container\">\n\t\t\t\t\t\t\t<div class=\"elementor-spacer\">\n\t\t\t<div class=\"elementor-spacer-inner\"><\/div>\n\t\t<\/div>\n\t\t\t\t\t\t<\/div>\n\t\t\t\t<\/div>\n\t\t\t\t\t<\/div>\n\t\t\t\t<\/div>\n\t\t<div class=\"elementor-element elementor-element-c47e08a e-flex e-con-boxed e-con e-parent\" data-id=\"c47e08a\" data-element_type=\"container\" data-e-type=\"container\" id=\"garden\">\n\t\t\t\t\t<div class=\"e-con-inner\">\n\t\t<div class=\"elementor-element elementor-element-ae50a25 e-con-full e-flex e-con e-child\" data-id=\"ae50a25\" data-element_type=\"container\" data-e-type=\"container\">\n\t\t\t\t<div class=\"elementor-element elementor-element-136d377 elementor-widget elementor-widget-heading\" data-id=\"136d377\" data-element_type=\"widget\" data-e-type=\"widget\" data-widget_type=\"heading.default\">\n\t\t\t\t<div class=\"elementor-widget-container\">\n\t\t\t\t\t<h2 class=\"elementor-heading-title elementor-size-default\">Garden Route<\/h2>\t\t\t\t<\/div>\n\t\t\t\t<\/div>\n\t\t\t\t<div class=\"elementor-element elementor-element-4c6635f elementor-widget elementor-widget-text-editor\" data-id=\"4c6635f\" data-element_type=\"widget\" data-e-type=\"widget\" data-widget_type=\"text-editor.default\">\n\t\t\t\t<div class=\"elementor-widget-container\">\n\t\t\t\t\t\t\t\t\t<div data-renderer=\"lm\"><div data-renderer=\"lm\"><div data-renderer=\"lm\"><p class=\"my-2 [&amp;+p]:mt-4 [&amp;_strong:has(+br)]:inline-block [&amp;_strong:has(+br)]:pb-2\">Von unserer Villa aus liegt dir die gesamte Garden Route buchst\u00e4blich zu F\u00fc\u00dfen. Jede Richtung, in die du losf\u00e4hrst, f\u00fchrt dich durch neue Landschaften: von rauen K\u00fcsten und stillen Lagunen bis hin zu Weinfeldern, Bergp\u00e4ssen und der Halbw\u00fcste der Kleinen Karoo. <\/p><p class=\"my-2 [&amp;+p]:mt-4 [&amp;_strong:has(+br)]:inline-block [&amp;_strong:has(+br)]:pb-2\">Wenn du Richtung Osten f\u00e4hrst, bist du schnell in Plettenberg Bay und Nature\u2019s Valley mit langen Str\u00e4nden, dem spektakul\u00e4ren Robberg Nature Reserve und M\u00f6glichkeiten, in der Saison Delfine, Robben oder sogar Wale zu sichten. Noch etwas weiter liegen Tsitsikamma und Storms River, wo H\u00e4ngebr\u00fccken, Klippen und gr\u00fcne W\u00e4lder zu sch\u00f6nen Wanderungen und abenteuerlichen Aktivit\u00e4ten einladen. <\/p><p class=\"my-2 [&amp;+p]:mt-4 [&amp;_strong:has(+br)]:inline-block [&amp;_strong:has(+br)]:pb-2\">F\u00e4hrst du Richtung Westen, kommst du an Wilderness vorbei mit seinen Seen, Fl\u00fcssen, dem langen Strand und herrlichen Wander- und Kajakrouten durch den Garden Route National Park. F\u00e4hrst du landeinw\u00e4rts \u00fcber den Outeniqua-Pass, erwartet dich bei Oudtshoorn eine v\u00f6llig andere Landschaft mit Strau\u00dfenfarmen und den beeindruckenden Cango Caves, einem riesigen H\u00f6hlensystem voller Felsformationen. <\/p><p class=\"my-2 [&amp;+p]:mt-4 [&amp;_strong:has(+br)]:inline-block [&amp;_strong:has(+br)]:pb-2\">So kannst du von Knysna aus w\u00e4hlen zwischen einem entspannten Tagesausflug oder einem Mini-Roadtrip: morgens einen neuen Ort entdecken, nachmittags noch irgendwo f\u00fcr eine Wanderung oder Weinprobe anhalten und abends wieder nach Hause auf Leisure Isle kommen.<\/p><\/div><\/div><\/div>\t\t\t\t\t\t\t\t<\/div>\n\t\t\t\t<\/div>\n\t\t\t\t<\/div>\n\t\t<div class=\"elementor-element elementor-element-03160b0 e-con-full e-flex e-con e-child\" data-id=\"03160b0\" data-element_type=\"container\" data-e-type=\"container\">\n\t\t\t\t<div class=\"elementor-element elementor-element-32a9ac7 elementor-widget elementor-widget-image\" data-id=\"32a9ac7\" data-element_type=\"widget\" data-e-type=\"widget\" data-widget_type=\"image.default\">\n\t\t\t\t<div class=\"elementor-widget-container\">\n\t\t\t\t\t\t\t\t\t\t\t\t\t\t\t<img loading=\"lazy\" decoding=\"async\" width=\"500\" height=\"677\" src=\"https:\/\/vakantie-villa-knysna.nl\/wp-content\/uploads\/2026\/02\/garden-route-map-kopie-1.jpg\" class=\"attachment-medium_large size-medium_large wp-image-3344\" alt=\"\" srcset=\"https:\/\/vakantie-villa-knysna.nl\/wp-content\/uploads\/2026\/02\/garden-route-map-kopie-1.jpg 500w, https:\/\/vakantie-villa-knysna.nl\/wp-content\/uploads\/2026\/02\/garden-route-map-kopie-1-200x271.jpg 200w\" sizes=\"(max-width: 500px) 100vw, 500px\" \/>\t\t\t\t\t\t\t\t\t\t\t\t\t\t\t<\/div>\n\t\t\t\t<\/div>\n\t\t\t\t<\/div>\n\t\t\t\t\t<\/div>\n\t\t\t\t<\/div>\n\t\t\t\t<\/div>\n\t\t","protected":false},"excerpt":{"rendered":"<p>Das Sch\u00f6ne am Urlaub ist, dass man die Zeit hat, neue Dinge zu entdecken. In den letzten Jahren haben wir rund um Knysna und weiter in S\u00fcdafrika viele Orte und Aktivit\u00e4ten kennengelernt, die unsere Reisen besonders gemacht haben. Auf dieser Seite teilen wir eine Auswahl dieser Favoriten: Wanderungen durch den einheimischen Wald, Aussichtspunkte entlang der [&hellip;]<\/p>\n","protected":false},"author":1,"featured_media":0,"parent":0,"menu_order":0,"comment_status":"closed","ping_status":"closed","template":"","meta":{"_uag_custom_page_level_css":"","footnotes":""},"class_list":["post-4017","page","type-page","status-publish","hentry"],"aioseo_notices":[],"uagb_featured_image_src":{"full":false,"thumbnail":false,"medium":false,"medium_large":false,"large":false,"1536x1536":false,"2048x2048":false,"depicter-thumbnail":false},"uagb_author_info":{"display_name":"ned273@gmail.com","author_link":"https:\/\/vakantie-villa-knysna.nl\/de\/author\/ned273gmail-com\/"},"uagb_comment_info":0,"uagb_excerpt":"Das Sch\u00f6ne am Urlaub ist, dass man die Zeit hat, neue Dinge zu entdecken. In den letzten Jahren haben wir rund um Knysna und weiter in S\u00fcdafrika viele Orte und Aktivit\u00e4ten kennengelernt, die unsere Reisen besonders gemacht haben. Auf dieser Seite teilen wir eine Auswahl dieser Favoriten: Wanderungen durch den einheimischen Wald, Aussichtspunkte entlang der&hellip;","_links":{"self":[{"href":"https:\/\/vakantie-villa-knysna.nl\/de\/wp-json\/wp\/v2\/pages\/4017","targetHints":{"allow":["GET"]}}],"collection":[{"href":"https:\/\/vakantie-villa-knysna.nl\/de\/wp-json\/wp\/v2\/pages"}],"about":[{"href":"https:\/\/vakantie-villa-knysna.nl\/de\/wp-json\/wp\/v2\/types\/page"}],"author":[{"embeddable":true,"href":"https:\/\/vakantie-villa-knysna.nl\/de\/wp-json\/wp\/v2\/users\/1"}],"replies":[{"embeddable":true,"href":"https:\/\/vakantie-villa-knysna.nl\/de\/wp-json\/wp\/v2\/comments?post=4017"}],"version-history":[{"count":1,"href":"https:\/\/vakantie-villa-knysna.nl\/de\/wp-json\/wp\/v2\/pages\/4017\/revisions"}],"predecessor-version":[{"id":4024,"href":"https:\/\/vakantie-villa-knysna.nl\/de\/wp-json\/wp\/v2\/pages\/4017\/revisions\/4024"}],"wp:attachment":[{"href":"https:\/\/vakantie-villa-knysna.nl\/de\/wp-json\/wp\/v2\/media?parent=4017"}],"curies":[{"name":"wp","href":"https:\/\/api.w.org\/{rel}","templated":true}]}}